{"id":2021,"date":"2025-08-06T20:30:27","date_gmt":"2025-08-06T20:30:27","guid":{"rendered":"https:\/\/sicolsa.merakiup.co\/?page_id=2021"},"modified":"2025-08-06T20:30:27","modified_gmt":"2025-08-06T20:30:27","slug":"politica-de-calidad","status":"publish","type":"page","link":"https:\/\/sicolsa.merakiup.co\/en\/politica-de-calidad\/","title":{"rendered":"Quality Policy"},"content":{"rendered":"<p><strong>Sicolsa del Centro S.A.S, <\/strong>tiene como misi\u00f3n la fabricaci\u00f3n y venta de productos en hierro y acero para diferentes sectores, que satisfagan las necesidades y expectativas de los clientes, garantizando a su vez la estabilidad financiera para sus accionistas, la protecci\u00f3n del medio ambiente y el bienestar de sus colaboradores a lo largo de todos los procesos y actividades transversales de la organizaci\u00f3n.<\/p>\n\n\n\n<p>En la b\u00fasqueda de la satisfacci\u00f3n de todas sus partes interesadas, y enfocada en el cumplimiento de sus objetivos estrat\u00e9gicos a trav\u00e9s de la implementaci\u00f3n de un Sistema de Gesti\u00f3n de Calidad, Sicolsa del Centro S.A.S se compromete a:<\/p>\n\n\n\n<ul class=\"wp-block-list\">\n<li>Velar por la sostenibilidad de la compa\u00f1\u00eda y el entorno promoviendo el balance entre los objetivos econ\u00f3micos, ambientales, y sociales.<\/li>\n\n\n\n<li>Aumentar la satisfacci\u00f3n de los clientes y partes interesadas a trav\u00e9s de la mejora de los procesos y la calidad de los productos.<\/li>\n\n\n\n<li>Tener en cuenta y dar cumplimiento a los requisitos establecidos por nuestros clientes.<\/li>\n\n\n\n<li>Asumir el compromiso de cumplir con los requisitos aplicables a la organizaci\u00f3n, tanto legales y reglamentarios, como cualquier otro que la empresa suscriba.<\/li>\n\n\n\n<li>Documentar, implementar y mantener el Sistema de Gesti\u00f3n de Calidad, revis\u00e1ndolo peri\u00f3dicamente para garantizar su correcto desempe\u00f1o y la mejora continua del mismo.<\/li>\n\n\n\n<li>Implementar procesos basados en la mejora continua a trav\u00e9s del establecimiento y revisi\u00f3n de objetivos y metas, que faciliten resultados sobresalientes.<\/li>\n\n\n\n<li>Fomentar una cultura organizacional orientada a promover la participaci\u00f3n y compromiso de colaboradores con los principios y objetivos de la compa\u00f1\u00eda, a trav\u00e9s del fortalecimiento de competencias.<\/li>\n<\/ul>\n\n\n\n<p>Para el cumplimiento de esta Pol\u00edtica y logro de los objetivos, es clave la colaboraci\u00f3n y participaci\u00f3n activa de todo el personal de la organizaci\u00f3n.<\/p>","protected":false},"excerpt":{"rendered":"<p>Sicolsa del Centro S.A.S, tiene como misi\u00f3n la fabricaci\u00f3n y venta de productos en hierro y acero para diferentes sectores, que satisfagan las necesidades y expectativas de los clientes, garantizando a su vez la estabilidad financiera para sus accionistas, la protecci\u00f3n del medio ambiente y el bienestar de sus colaboradores a lo largo de todos [&hellip;]<\/p>","protected":false},"author":1,"featured_media":0,"parent":0,"menu_order":0,"comment_status":"closed","ping_status":"closed","template":"","meta":{"footnotes":""},"class_list":["post-2021","page","type-page","status-publish","hentry"],"_links":{"self":[{"href":"https:\/\/sicolsa.merakiup.co\/en\/wp-json\/wp\/v2\/pages\/2021","targetHints":{"allow":["GET"]}}],"collection":[{"href":"https:\/\/sicolsa.merakiup.co\/en\/wp-json\/wp\/v2\/pages"}],"about":[{"href":"https:\/\/sicolsa.merakiup.co\/en\/wp-json\/wp\/v2\/types\/page"}],"author":[{"embeddable":true,"href":"https:\/\/sicolsa.merakiup.co\/en\/wp-json\/wp\/v2\/users\/1"}],"replies":[{"embeddable":true,"href":"https:\/\/sicolsa.merakiup.co\/en\/wp-json\/wp\/v2\/comments?post=2021"}],"version-history":[{"count":0,"href":"https:\/\/sicolsa.merakiup.co\/en\/wp-json\/wp\/v2\/pages\/2021\/revisions"}],"wp:attachment":[{"href":"https:\/\/sicolsa.merakiup.co\/en\/wp-json\/wp\/v2\/media?parent=2021"}],"curies":[{"name":"wp","href":"https:\/\/api.w.org\/{rel}","templated":true}]}}